{"id":231903,"date":"2025-06-29T23:59:33","date_gmt":"2025-06-29T23:59:33","guid":{"rendered":"https:\/\/ludivine-solera.com\/boutique\/?post_type=product&#038;p=231903"},"modified":"2025-07-20T15:13:08","modified_gmt":"2025-07-20T15:13:08","slug":"abonnement-prelude","status":"publish","type":"product","link":"https:\/\/ludivine-solera.com\/boutique\/produit\/abonnement-prelude\/","title":{"rendered":"Pr\u00e9lude"},"content":{"rendered":"<p><img loading=\"lazy\" decoding=\"async\" width=\"300\" height=\"225\" class=\"size-medium wp-image-231904 alignleft\" src=\"https:\/\/ludivine-solera.com\/boutique\/wp-content\/uploads\/2025\/06\/prelude-1-300x225.jpg\" alt=\"\" srcset=\"https:\/\/ludivine-solera.com\/boutique\/wp-content\/uploads\/2025\/06\/prelude-1-300x225.jpg 300w, https:\/\/ludivine-solera.com\/boutique\/wp-content\/uploads\/2025\/06\/prelude-1-416x312.jpg 416w, https:\/\/ludivine-solera.com\/boutique\/wp-content\/uploads\/2025\/06\/prelude-1-768x576.jpg 768w, https:\/\/ludivine-solera.com\/boutique\/wp-content\/uploads\/2025\/06\/prelude-1.jpg 1024w\" sizes=\"auto, (max-width: 300px) 100vw, 300px\" \/><span class=\"selected\">Laisse-toi effleurer par Pr\u00e9lude, une invitation douce et suggestive. Explore les premi\u00e8res vibrations de ce monde, d\u00e9couvre ses murmures, et vois o\u00f9 ton \u00e9veil te m\u00e8ne. Une semaine pour ressentir, une semaine pour t&rsquo;abandonner, une semaine pour d\u00e9sirer le seuil, l\u00e0 o\u00f9 les sens s&rsquo;affinent et les promesses se dessinent. Chaque jour est une nouvelle caresse, un souffle qui \u00e9veille ta curiosit\u00e9, une rencontre intime avec la d\u00e9licatesse de l&rsquo;\u00cele Divine.<\/span><\/p>\n","protected":false},"excerpt":{"rendered":"<p><span class=\"selected\">Une semaine offerte pour un \u00e9veil sensoriel doux et sans engagement. D\u00e9couvre les premi\u00e8res vibrations de l&rsquo;\u00cele Divine, et laisse tes sens te guider vers de nouvelles sensations. <\/span><\/p>\n","protected":false},"featured_media":231904,"template":"","meta":[],"product_brand":[],"product_cat":[61],"product_tag":[],"class_list":{"0":"post-231903","1":"product","2":"type-product","3":"status-publish","4":"has-post-thumbnail","6":"product_cat-abonnements","8":"first","9":"instock","10":"featured","11":"virtual","12":"purchasable","13":"product-type-subscription"},"_links":{"self":[{"href":"https:\/\/ludivine-solera.com\/boutique\/wp-json\/wp\/v2\/product\/231903","targetHints":{"allow":["GET"]}}],"collection":[{"href":"https:\/\/ludivine-solera.com\/boutique\/wp-json\/wp\/v2\/product"}],"about":[{"href":"https:\/\/ludivine-solera.com\/boutique\/wp-json\/wp\/v2\/types\/product"}],"wp:featuredmedia":[{"embeddable":true,"href":"https:\/\/ludivine-solera.com\/boutique\/wp-json\/wp\/v2\/media\/231904"}],"wp:attachment":[{"href":"https:\/\/ludivine-solera.com\/boutique\/wp-json\/wp\/v2\/media?parent=231903"}],"wp:term":[{"taxonomy":"product_brand","embeddable":true,"href":"https:\/\/ludivine-solera.com\/boutique\/wp-json\/wp\/v2\/product_brand?post=231903"},{"taxonomy":"product_cat","embeddable":true,"href":"https:\/\/ludivine-solera.com\/boutique\/wp-json\/wp\/v2\/product_cat?post=231903"},{"taxonomy":"product_tag","embeddable":true,"href":"https:\/\/ludivine-solera.com\/boutique\/wp-json\/wp\/v2\/product_tag?post=231903"}],"curies":[{"name":"wp","href":"https:\/\/api.w.org\/{rel}","templated":true}]}}