{"id":231905,"date":"2025-06-29T23:59:41","date_gmt":"2025-06-29T23:59:41","guid":{"rendered":"https:\/\/ludivine-solera.com\/boutique\/?post_type=product&#038;p=231905"},"modified":"2025-07-20T15:12:47","modified_gmt":"2025-07-20T15:12:47","slug":"abonnement-charme","status":"publish","type":"product","link":"https:\/\/ludivine-solera.com\/boutique\/produit\/abonnement-charme\/","title":{"rendered":"Charme"},"content":{"rendered":"<p><img loading=\"lazy\" decoding=\"async\" width=\"300\" height=\"225\" class=\"size-medium wp-image-231906 alignleft\" src=\"https:\/\/ludivine-solera.com\/boutique\/wp-content\/uploads\/2025\/06\/charme-1-300x225.jpg\" alt=\"\" srcset=\"https:\/\/ludivine-solera.com\/boutique\/wp-content\/uploads\/2025\/06\/charme-1-300x225.jpg 300w, https:\/\/ludivine-solera.com\/boutique\/wp-content\/uploads\/2025\/06\/charme-1-416x312.jpg 416w, https:\/\/ludivine-solera.com\/boutique\/wp-content\/uploads\/2025\/06\/charme-1-768x576.jpg 768w, https:\/\/ludivine-solera.com\/boutique\/wp-content\/uploads\/2025\/06\/charme-1.jpg 1024w\" sizes=\"auto, (max-width: 300px) 100vw, 300px\" \/><span class=\"selected\">L&rsquo;abonnement Charme t&rsquo;invite \u00e0 plonger dans la s\u00e9duction discr\u00e8te de l&rsquo;\u00cele Divine. Chaque mois, savoure une nouvelle immersion, un jeu de suggestions o\u00f9 l&rsquo;\u00e9l\u00e9gance du d\u00e9sir se r\u00e9v\u00e8le subtilement. C&rsquo;est une invitation \u00e0 explorer les profondeurs de la sensualit\u00e9 raffin\u00e9e, une danse o\u00f9 chaque rencontre est une promesse tenue, chaque murmure une \u00e9treinte. Laisse le charme op\u00e9rer, et ton corps r\u00e9pondre \u00e0 l&rsquo;appel.<\/span><\/p>\n","protected":false},"excerpt":{"rendered":"<p><span class=\"selected\">Un abonnement mensuel pour une exploration raffin\u00e9e de la s\u00e9duction. Plonge dans l&rsquo;\u00e9l\u00e9gance du d\u00e9sir et laisse l&rsquo;\u00cele Divine \u00e9veiller ta sensualit\u00e9 chaque mois. <\/span><\/p>\n","protected":false},"featured_media":231906,"template":"","meta":[],"product_brand":[],"product_cat":[61],"product_tag":[],"class_list":{"0":"post-231905","1":"product","2":"type-product","3":"status-publish","4":"has-post-thumbnail","6":"product_cat-abonnements","8":"first","9":"instock","10":"featured","11":"virtual","12":"purchasable","13":"product-type-subscription"},"_links":{"self":[{"href":"https:\/\/ludivine-solera.com\/boutique\/wp-json\/wp\/v2\/product\/231905","targetHints":{"allow":["GET"]}}],"collection":[{"href":"https:\/\/ludivine-solera.com\/boutique\/wp-json\/wp\/v2\/product"}],"about":[{"href":"https:\/\/ludivine-solera.com\/boutique\/wp-json\/wp\/v2\/types\/product"}],"wp:featuredmedia":[{"embeddable":true,"href":"https:\/\/ludivine-solera.com\/boutique\/wp-json\/wp\/v2\/media\/231906"}],"wp:attachment":[{"href":"https:\/\/ludivine-solera.com\/boutique\/wp-json\/wp\/v2\/media?parent=231905"}],"wp:term":[{"taxonomy":"product_brand","embeddable":true,"href":"https:\/\/ludivine-solera.com\/boutique\/wp-json\/wp\/v2\/product_brand?post=231905"},{"taxonomy":"product_cat","embeddable":true,"href":"https:\/\/ludivine-solera.com\/boutique\/wp-json\/wp\/v2\/product_cat?post=231905"},{"taxonomy":"product_tag","embeddable":true,"href":"https:\/\/ludivine-solera.com\/boutique\/wp-json\/wp\/v2\/product_tag?post=231905"}],"curies":[{"name":"wp","href":"https:\/\/api.w.org\/{rel}","templated":true}]}}