{"id":231909,"date":"2025-06-30T00:05:37","date_gmt":"2025-06-30T00:05:37","guid":{"rendered":"https:\/\/ludivine-solera.com\/boutique\/?post_type=product&#038;p=231909"},"modified":"2025-07-20T15:12:08","modified_gmt":"2025-07-20T15:12:08","slug":"abonnement-osmose","status":"publish","type":"product","link":"https:\/\/ludivine-solera.com\/boutique\/produit\/abonnement-osmose\/","title":{"rendered":"Osmose"},"content":{"rendered":"<p><img loading=\"lazy\" decoding=\"async\" width=\"300\" height=\"225\" class=\"size-medium wp-image-231910 alignleft\" src=\"https:\/\/ludivine-solera.com\/boutique\/wp-content\/uploads\/2025\/06\/osmose-1-300x225.jpg\" alt=\"\" srcset=\"https:\/\/ludivine-solera.com\/boutique\/wp-content\/uploads\/2025\/06\/osmose-1-300x225.jpg 300w, https:\/\/ludivine-solera.com\/boutique\/wp-content\/uploads\/2025\/06\/osmose-1-416x312.jpg 416w, https:\/\/ludivine-solera.com\/boutique\/wp-content\/uploads\/2025\/06\/osmose-1-768x576.jpg 768w, https:\/\/ludivine-solera.com\/boutique\/wp-content\/uploads\/2025\/06\/osmose-1.jpg 1024w\" sizes=\"auto, (max-width: 300px) 100vw, 300px\" \/><span class=\"selected\">L&rsquo;abonnement Osmose est la fusion supr\u00eame, l&rsquo;acc\u00e8s mensuel \u00e0 l&rsquo;exp\u00e9rience la plus intime et la plus transformatrice de l&rsquo;\u00cele Divine. Chaque mois, plonge dans l&rsquo;union absolue, o\u00f9 les fronti\u00e8res s&rsquo;estompent et les \u00e2mes s&rsquo;entrelacent. C&rsquo;est l&rsquo;aboutissement de ton voyage sensoriel, une communion \u00e9rotique o\u00f9 chaque instant est une dissolution partag\u00e9e, un frisson qui transcende le corps. Laisse l&rsquo;osmose t&rsquo;incendier, et tu deviendras le monde. <\/span><\/p>\n","protected":false},"excerpt":{"rendered":"<p><span class=\"selected\">L&rsquo;abonnement mensuel pour la fusion supr\u00eame. Une exp\u00e9rience intime et transformatrice de l&rsquo;\u00cele Divine, o\u00f9 les corps et les \u00e2mes s&rsquo;entrelacent dans une dissolution \u00e9rotique partag\u00e9e.<\/span><\/p>\n","protected":false},"featured_media":231910,"template":"","meta":[],"product_brand":[],"product_cat":[61],"product_tag":[],"class_list":{"0":"post-231909","1":"product","2":"type-product","3":"status-publish","4":"has-post-thumbnail","6":"product_cat-abonnements","8":"first","9":"instock","10":"featured","11":"virtual","12":"purchasable","13":"product-type-subscription"},"_links":{"self":[{"href":"https:\/\/ludivine-solera.com\/boutique\/wp-json\/wp\/v2\/product\/231909","targetHints":{"allow":["GET"]}}],"collection":[{"href":"https:\/\/ludivine-solera.com\/boutique\/wp-json\/wp\/v2\/product"}],"about":[{"href":"https:\/\/ludivine-solera.com\/boutique\/wp-json\/wp\/v2\/types\/product"}],"wp:featuredmedia":[{"embeddable":true,"href":"https:\/\/ludivine-solera.com\/boutique\/wp-json\/wp\/v2\/media\/231910"}],"wp:attachment":[{"href":"https:\/\/ludivine-solera.com\/boutique\/wp-json\/wp\/v2\/media?parent=231909"}],"wp:term":[{"taxonomy":"product_brand","embeddable":true,"href":"https:\/\/ludivine-solera.com\/boutique\/wp-json\/wp\/v2\/product_brand?post=231909"},{"taxonomy":"product_cat","embeddable":true,"href":"https:\/\/ludivine-solera.com\/boutique\/wp-json\/wp\/v2\/product_cat?post=231909"},{"taxonomy":"product_tag","embeddable":true,"href":"https:\/\/ludivine-solera.com\/boutique\/wp-json\/wp\/v2\/product_tag?post=231909"}],"curies":[{"name":"wp","href":"https:\/\/api.w.org\/{rel}","templated":true}]}}